{"id":3182,"date":"2021-11-18T16:14:16","date_gmt":"2021-11-18T16:14:16","guid":{"rendered":"https:\/\/railesasociacion.es\/?page_id=3182"},"modified":"2022-01-21T18:56:05","modified_gmt":"2022-01-21T18:56:05","slug":"aviso-legal","status":"publish","type":"page","link":"https:\/\/railesasociacion.es\/?page_id=3182","title":{"rendered":"Aviso legal, t\u00e9rminos y condiciones"},"content":{"rendered":"<p>&nbsp;<\/p>\n<p><b>Condiciones generales de uso del portal www.railesasociacion.es<\/b><\/p>\n<p><span style=\"font-weight: 400;\">El presente aviso legal (en adelante, el \u00abAviso Legal\u00bb) regula el uso del servicio del portal de Internet <\/span><b>www.railesasociacion.es<\/b><span style=\"font-weight: 400;\"> (en adelante, la \u00abWeb\u00bb) de RA\u00cdLES ASOCIACI\u00d3N con domicilio social en CALLE CERRO DEL ESPINO, 9, PLANTA 2, PUERTA A, URB.EUGENIA DE MONTIJO, 28221, MAJADAHONDA, MADRID con CIF G16772345.<\/span><\/p>\n<p><b>Legislaci\u00f3n<\/b><\/p>\n<p><span style=\"font-weight: 400;\">Con car\u00e1cter general las relaciones entre RA\u00cdLES ASOCIACI\u00d3N con los Usuarios de sus servicios telem\u00e1ticos, presentes en la web, se encuentran sometidas a la legislaci\u00f3n y jurisdicci\u00f3n espa\u00f1olas.<\/span><\/p>\n<p><span style=\"font-weight: 400;\">Las partes renuncian expresamente al fuero que les pudiera corresponder y someten expresamente a los Juzgados y Tribunales de Madrid para resolver cualquier controversia que pueda surgir en la interpretaci\u00f3n o ejecuci\u00f3n de las presentes condiciones contractuales.<\/span><\/p>\n<p><b>Contenido y uso<\/b><\/p>\n<p><span style=\"font-weight: 400;\">El Usuario queda informado, y acepta, que el acceso a la presente web no supone, en modo alguno, el inicio de una relaci\u00f3n comercial con RA\u00cdLES ASOCIACI\u00d3N.<\/span><\/p>\n<p><span style=\"font-weight: 400;\">El titular del web no se identifica con las opiniones vertidas en el mismo por sus colaboradores. La Empresa se reserva el derecho de efectuar sin previo aviso las modificaciones que considere oportunas en su Web, pudiendo cambiar, suprimir o a\u00f1adir tanto los contenidos y servicios que se presten a trav\u00e9s de la misma como la forma en la que \u00e9stos aparezcan presentados o localizados en sus servidores.<\/span><\/p>\n<p><b>Propiedad intelectual e industrial<\/b><\/p>\n<p><span style=\"font-weight: 400;\">Los derechos de propiedad intelectual del contenido de las p\u00e1ginas web, su dise\u00f1o gr\u00e1fico y c\u00f3digos son titularidad de RA\u00cdLES ASOCIACI\u00d3N y, por tanto, queda prohibida su reproducci\u00f3n, distribuci\u00f3n, comunicaci\u00f3n p\u00fablica, transformaci\u00f3n o cualquier otra actividad que se pueda realizar con los contenidos de sus p\u00e1ginas web ni aun citando las fuentes, salvo consentimiento por escrito de RA\u00cdLES ASOCIACI\u00d3N Todos los nombres comerciales, marcas o signos distintos de cualquier clase contenidos en las p\u00e1ginas web de la Empresa son propiedad de sus due\u00f1os y est\u00e1n protegidos por ley.<\/span><\/p>\n<p><b>Enlaces (Links)<\/b><\/p>\n<p><span style=\"font-weight: 400;\">La presencia de enlaces (links) en las p\u00e1ginas web de RA\u00cdLES ASOCIACI\u00d3N tiene finalidad meramente informativa y en ning\u00fan caso supone sugerencia, invitaci\u00f3n o recomendaci\u00f3n sobre los mismos.<\/span><\/p>\n<p><b>Confidencialidad y Protecci\u00f3n de Datos<\/b><\/p>\n<p><span style=\"font-weight: 400;\">A efecto de lo previsto en RGPD de 27 de abril de 2016, RA\u00cdLES ASOCIACI\u00d3N informa al Usuario de la existencia de un tratamiento automatizado de datos de car\u00e1cter personal creado por y para RA\u00cdLES ASOCIACI\u00d3N y bajo su responsabilidad, con la finalidad de realizar el mantenimiento y gesti\u00f3n de la relaci\u00f3n con el Usuario, as\u00ed como las labores de informaci\u00f3n. En el momento de la aceptaci\u00f3n de las presentes condiciones generales, RA\u00cdLES ASOCIACI\u00d3N precisar\u00e1 del Usuario la recogida de unos datos imprescindibles para la prestaci\u00f3n de sus servicios.<\/span><\/p>\n<p><b>Registro de ficheros y formularios<\/b><\/p>\n<p><span style=\"font-weight: 400;\">La cumplimentaci\u00f3n del formulario de registro es obligatoria para acceder y disfrutar de determinados servicios ofrecidos en la web. El no facilitar los datos personales solicitados o el no aceptar la presente pol\u00edtica de protecci\u00f3n de datos supone la imposibilidad de suscribirse, registrarse o participar en cualquiera de las promociones en las que se soliciten datos car\u00e1cter personal.<\/span><\/p>\n<p><span style=\"font-weight: 400;\">A efecto de lo previsto en RGPD de 27 de abril de 2016, le informamos que los datos personales que se obtengan como consecuencia de su registro como Usuario, ser\u00e1n incorporados a un fichero titularidad de RA\u00cdLES ASOCIACI\u00d3N con domicilio en CALLE CERRO DEL ESPINO, 9, PLANTA 2, PUERTA A, URB.EUGENIA DE MONTIJO, 28221, MAJADAHONDA, MADRID y con CIF G16772345 teniendo implementadas las medidas de seguridad establecidas en el Real Decreto 1720\/2007, de 11 de junio.<\/span><\/p>\n<p><b>Exactitud y veracidad de los datos facilitados<\/b><\/p>\n<p><span style=\"font-weight: 400;\">El Usuario es el \u00fanico responsable de la veracidad y correcci\u00f3n de los datos incluidos, exoner\u00e1ndose RA\u00cdLES ASOCIACI\u00d3N de cualquier responsabilidad al respecto. Los usuarios garantizan y responden, en cualquier caso, de la exactitud, vigencia y autenticidad de los datos personales facilitados, y se comprometen a mantenerlos debidamente actualizados. El usuario acepta proporcionar informaci\u00f3n completa y correcta en el formulario de registro o suscripci\u00f3n. RA\u00cdLES ASOCIACI\u00d3N no responde de la veracidad de las informaciones que no sean de elaboraci\u00f3n propia y de las que se indique otra fuente, por lo que tampoco asume responsabilidad alguna en cuanto a hipot\u00e9ticos perjuicios que pudieran originarse por el uso de dicha informaci\u00f3n.\u00a0 RA\u00cdLES ASOCIACI\u00d3N se reserva el derecho a actualizar, modificar o eliminar la informaci\u00f3n contenida en sus p\u00e1ginas web pudiendo incluso limitar o no permitir el acceso a dicha informaci\u00f3n. Se exonera a RA\u00cdLES ASOCIACI\u00d3N de responsabilidad ante cualquier da\u00f1o o perjuicio que pudiera sufrir el Usuario como consecuencia de errores, defectos u omisiones, en la informaci\u00f3n facilitada por RA\u00cdLES ASOCIACI\u00d3N siempre que proceda de fuentes ajenas a RA\u00cdLES ASOCIACI\u00d3N.<\/span><\/p>\n<p><b>Cookies<\/b><\/p>\n<p><span style=\"font-weight: 400;\">El sitio www.railesasociacion.es web \u00fanicamente utiliza cookies con finalidad t\u00e9cnica, no recaba ni cede datos de car\u00e1cter personal de los usuarios sin su conocimiento. El usuario tiene la posibilidad de configurar su navegador de tal modo que impida la instalaci\u00f3n de estos archivos.<\/span><\/p>\n<p><b>Finalidades<\/b><\/p>\n<p><span style=\"font-weight: 400;\">Las finalidades de RA\u00cdLES ASOCIACI\u00d3N son el mantenimiento y gesti\u00f3n de la relaci\u00f3n con el Usuario, as\u00ed como las labores de informaci\u00f3n.<\/span><\/p>\n<p><b>Cesi\u00f3n de datos a terceros<\/b><\/p>\n<p><span style=\"font-weight: 400;\">RA\u00cdLES ASOCIACI\u00d3N no realizar\u00e1 cesi\u00f3n de datos de los usuarios a terceros.<\/span><\/p>\n<p><b>Ejercicio de derechos de acceso, rectificaci\u00f3n, cancelaci\u00f3n y oposici\u00f3n<\/b><\/p>\n<p><span style=\"font-weight: 400;\">Podr\u00e1 dirigir sus comunicaciones y ejercitar los derechos de acceso, rectificaci\u00f3n, supresi\u00f3n, limitaci\u00f3n, portabilidad y oposici\u00f3n en la direcci\u00f3n de Internet a <\/span><b>www.railesasociacion.es<\/b><span style=\"font-weight: 400;\"> o bien por correo ordinario dirigido a RA\u00cdLES ASOCIACI\u00d3N, Ref. RGPD, en CALLE CERRO DEL ESPINO, 9, PLANTA 2, PUERTA A, URB.EUGENIA DE MONTIJO, 28221, MAJADAHONDA, MADRID. Para ejercer dichos derechos es necesario que usted acredite su personalidad frente a RA\u00cdLES ASOCIACI\u00d3N mediante el env\u00edo de fotocopia de Documento Nacional de Identidad o cualquier otro medio v\u00e1lido en Derecho. No obstante, la modificaci\u00f3n o rectificaci\u00f3n de sus datos de registro se podr\u00e1 realizar en el propio Site identific\u00e1ndose, previamente, con su usuario y contrase\u00f1a.<\/span><\/p>\n<p><b>Medidas de seguridad<\/b><\/p>\n<p><span style=\"font-weight: 400;\">RA\u00cdLES ASOCIACI\u00d3N ha adoptado los niveles de seguridad de protecci\u00f3n de los Datos Personales legalmente requeridos, y procuran instalar aquellos otros medios y medidas t\u00e9cnicas adicionales a su alcance para evitar la p\u00e9rdida, mal uso, alteraci\u00f3n, acceso no autorizado y robo de los Datos Personales facilitados a RA\u00cdLES ASOCIACI\u00d3N no ser\u00e1 responsable de posibles da\u00f1os o perjuicios que se pudieran derivar de interferencias, omisiones, interrupciones, virus inform\u00e1ticos, aver\u00edas telef\u00f3nicas o desconexiones en el funcionamiento operativo de este sistema electr\u00f3nico, motivadas por causas ajenas a RA\u00cdLES ASOCIACI\u00d3N de retrasos o bloqueos en el uso del presente sistema electr\u00f3nico causados por deficiencias o sobrecargas de l\u00edneas telef\u00f3nicas o sobrecargas en el Centro de Procesos de Datos, en el sistema de Internet o en otros sistemas electr\u00f3nicos, as\u00ed como de da\u00f1os que puedan ser causados por terceras personas mediante intromisiones ileg\u00edtimas fuera del control de RA\u00cdLES ASOCIACI\u00d3N, no obstante, el Usuario debe ser consciente de que las medidas de seguridad en Internet no son inexpugnables.<\/span><\/p>\n<p><b>Aceptaci\u00f3n y consentimiento<\/b><\/p>\n<p><span style=\"font-weight: 400;\">Una vez informado de las condiciones generales y de protecci\u00f3n de datos personales, cualquier uso que haga de la Web o de los servicios y contenidos implicar\u00e1 la aceptaci\u00f3n de los t\u00e9rminos legales y uso de datos, aceptando y consintiendo el tratamiento automatizado de los mismos por parte de RA\u00cdLES ASOCIACI\u00d3N, en la forma y para las finalidades indicadas en el presente Aviso Legal<\/span><\/p>\n<p><b>LICENCIA<\/b><\/p>\n<p><span style=\"font-weight: 400;\">RA\u00cdLES asociaci\u00f3n a trav\u00e9s de su sitio web concede una licencia para que los usuarios utilicen\u00a0 los productos que son vendidos en este sitio web de acuerdo a los T\u00e9rminos y Condiciones que se describen en este documento.<\/span><\/p>\n<p><b>PROPIEDAD DE SERVICIOS Y PRODUCTOS<\/b><\/p>\n<p><span style=\"font-weight: 400;\">Usted no puede declarar propiedad intelectual o exclusiva a ninguno de nuestros productos o servicios modificado o sin modificar. Todos los productos son propiedad\u00a0 de los proveedores del contenido. En caso de que no se especifique lo contrario, nuestros productos se proporcionan\u00a0 sin ning\u00fan tipo de garant\u00eda, expresa o impl\u00edcita. En ning\u00fan caso esta compa\u00f1\u00eda ser\u00e1\u00a0 responsable de ning\u00fan da\u00f1o incluyendo, pero no limitado a, da\u00f1os directos, indirectos, especiales, fortuitos o consecuentes u otras p\u00e9rdidas resultantes del uso o de la imposibilidad de utilizar nuestros productos o servicios.<\/span><\/p>\n<p><b>POL\u00cdTICA DE REEMBOLSO Y GARANT\u00cdA<\/b><\/p>\n<p><span style=\"font-weight: 400;\">En el caso de productos o servicios que sean mercanc\u00edas irrevocables no-tangibles, no realizamos reembolsos despu\u00e9s de que se haya desarrollado el servicio o enviado el producto. Le pedimos que lea cuidadosamente antes de comprarlo. Hacemos solamente excepciones con esta regla cuando existe un plazo de al menos 12 d\u00edas antes de comenzar la actividad o servicio y se devolver\u00e1 la mitad del importe. En caso de que la actividad o servicio no se pueda realizar por causas de fuerza mayor se devolver\u00e1 el importe \u00edntegro de la compra realizada.<\/span><\/p>\n<p><b>COMPROBACI\u00d3N ANTIFRAUDE<\/b><\/p>\n<p><span style=\"font-weight: 400;\">La compra del cliente puede ser aplazada para la comprobaci\u00f3n antifraude. Tambi\u00e9n puede ser suspendida por m\u00e1s tiempo para una investigaci\u00f3n m\u00e1s rigurosa, para evitar transacciones fraudulentas.<\/span><\/p>\n<p>&nbsp;<\/p>\n","protected":false},"excerpt":{"rendered":"<p>&nbsp; Condiciones generales de uso del portal www.railesasociacion.es El presente aviso legal (en adelante, el \u00abAviso Legal\u00bb) regula el uso del servicio del portal de Internet www.railesasociacion.es (en adelante, la \u00abWeb\u00bb) de RA\u00cdLES ASOCIACI\u00d3N con domicilio social en CALLE CERRO DEL ESPINO, 9, PLANTA 2, PUERTA A, URB.EUGENIA DE MONTIJO, 28221, MAJADAHONDA, MADRID con CIF G16772345. Legislaci\u00f3n Con car\u00e1cter general las relaciones entre RA\u00cdLES ASOCIACI\u00d3N con los Usuarios de sus servicios telem\u00e1ticos, presentes en la [&hellip;]<\/p>\n","protected":false},"author":1,"featured_media":0,"parent":0,"menu_order":0,"comment_status":"closed","ping_status":"closed","template":"one-page-template.php","meta":{"footnotes":""},"class_list":["post-3182","page","type-page","status-publish","hentry"],"_links":{"self":[{"href":"https:\/\/railesasociacion.es\/index.php?rest_route=\/wp\/v2\/pages\/3182","targetHints":{"allow":["GET"]}}],"collection":[{"href":"https:\/\/railesasociacion.es\/index.php?rest_route=\/wp\/v2\/pages"}],"about":[{"href":"https:\/\/railesasociacion.es\/index.php?rest_route=\/wp\/v2\/types\/page"}],"author":[{"embeddable":true,"href":"https:\/\/railesasociacion.es\/index.php?rest_route=\/wp\/v2\/users\/1"}],"replies":[{"embeddable":true,"href":"https:\/\/railesasociacion.es\/index.php?rest_route=%2Fwp%2Fv2%2Fcomments&post=3182"}],"version-history":[{"count":5,"href":"https:\/\/railesasociacion.es\/index.php?rest_route=\/wp\/v2\/pages\/3182\/revisions"}],"predecessor-version":[{"id":3210,"href":"https:\/\/railesasociacion.es\/index.php?rest_route=\/wp\/v2\/pages\/3182\/revisions\/3210"}],"wp:attachment":[{"href":"https:\/\/railesasociacion.es\/index.php?rest_route=%2Fwp%2Fv2%2Fmedia&parent=3182"}],"curies":[{"name":"wp","href":"https:\/\/api.w.org\/{rel}","templated":true}]}}